{"id":3212,"date":"2019-09-17T11:28:45","date_gmt":"2019-09-17T11:28:45","guid":{"rendered":"https:\/\/ecstatic-sinoussi.194-60-87-163.plesk.page\/annehmlichkeiten\/"},"modified":"2024-07-24T14:07:40","modified_gmt":"2024-07-24T14:07:40","slug":"annehmlichkeiten","status":"publish","type":"page","link":"https:\/\/mali-raj.hr\/de\/annehmlichkeiten\/","title":{"rendered":"Annehmlichkeiten"},"content":{"rendered":"\t\t<div data-elementor-type=\"wp-page\" data-elementor-id=\"3212\" class=\"elementor elementor-3212 elementor-559\" data-elementor-post-type=\"page\">\n\t\t\t\t\t\t<section class=\"elementor-section elementor-top-section elementor-element elementor-element-9de7830 elementor-section-boxed elementor-section-height-default elementor-section-height-default\" data-id=\"9de7830\" data-element_type=\"section\" data-settings=\"{&quot;jet_parallax_layout_list&quot;:[{&quot;_id&quot;:&quot;460daf8&quot;,&quot;jet_parallax_layout_image&quot;:{&quot;url&quot;:&quot;&quot;,&quot;id&quot;:&quot;&quot;,&quot;size&quot;:&quot;&quot;},&quot;jet_parallax_layout_image_tablet&quot;:{&quot;url&quot;:&quot;&quot;,&quot;id&quot;:&quot;&quot;,&quot;size&quot;:&quot;&quot;},&quot;jet_parallax_layout_image_mobile&quot;:{&quot;url&quot;:&quot;&quot;,&quot;id&quot;:&quot;&quot;,&quot;size&quot;:&quot;&quot;},&quot;jet_parallax_layout_speed&quot;:{&quot;unit&quot;:&quot;%&quot;,&quot;size&quot;:50,&quot;sizes&quot;:[]},&quot;jet_parallax_layout_type&quot;:&quot;scroll&quot;,&quot;jet_parallax_layout_direction&quot;:null,&quot;jet_parallax_layout_fx_direction&quot;:null,&quot;jet_parallax_layout_z_index&quot;:&quot;&quot;,&quot;jet_parallax_layout_bg_x&quot;:50,&quot;jet_parallax_layout_bg_x_tablet&quot;:&quot;&quot;,&quot;jet_parallax_layout_bg_x_mobile&quot;:&quot;&quot;,&quot;jet_parallax_layout_bg_y&quot;:50,&quot;jet_parallax_layout_bg_y_tablet&quot;:&quot;&quot;,&quot;jet_parallax_layout_bg_y_mobile&quot;:&quot;&quot;,&quot;jet_parallax_layout_bg_size&quot;:&quot;auto&quot;,&quot;jet_parallax_layout_bg_size_tablet&quot;:&quot;&quot;,&quot;jet_parallax_layout_bg_size_mobile&quot;:&quot;&quot;,&quot;jet_parallax_layout_animation_prop&quot;:&quot;transform&quot;,&quot;jet_parallax_layout_on&quot;:[&quot;desktop&quot;,&quot;tablet&quot;]}]}\">\n\t\t\t\t\t\t<div class=\"elementor-container elementor-column-gap-default\">\n\t\t\t\t\t<div class=\"elementor-column elementor-col-100 elementor-top-column elementor-element elementor-element-51f53c70\" data-id=\"51f53c70\" data-element_type=\"column\">\n\t\t\t<div class=\"elementor-widget-wrap elementor-element-populated\">\n\t\t\t\t\t\t<div class=\"elementor-element elementor-element-7cae375e elementor-widget elementor-widget-heading\" data-id=\"7cae375e\" data-element_type=\"widget\" data-widget_type=\"heading.default\">\n\t\t\t\t<div class=\"elementor-widget-container\">\n\t\t\t\t\t<h1 class=\"elementor-heading-title elementor-size-default\">ANNEHMLICHKEITEN DES HOTELS<\/h1>\t\t\t\t<\/div>\n\t\t\t\t<\/div>\n\t\t\t\t<div class=\"elementor-element elementor-element-5fa60ee4 elementor-widget elementor-widget-text-editor\" data-id=\"5fa60ee4\" data-element_type=\"widget\" data-widget_type=\"text-editor.default\">\n\t\t\t\t<div class=\"elementor-widget-container\">\n\t\t\t\t\t\t\t\t\t<p>Im Rahmen unserer Bem\u00fchungen, den Aufenthalt unserer G\u00e4ste in unserem Hotel zu verbessern, haben wir k\u00fcrzlich eine Reihe zus\u00e4tzlicher Hoteldienstleistungen eingef\u00fchrt.<\/p>\n<p>Alle diese Annehmlichkeiten sind f\u00fcr die G\u00e4ste des Hotels kostenlos und von hervorragender Qualit\u00e4t!  <\/p>\n\t\t\t\t\t\t\t\t<\/div>\n\t\t\t\t<\/div>\n\t\t\t\t<div class=\"elementor-element elementor-element-aaca726 elementor-widget elementor-widget-shortcode\" data-id=\"aaca726\" data-element_type=\"widget\" data-widget_type=\"shortcode.default\">\n\t\t\t\t<div class=\"elementor-widget-container\">\n\t\t\t\t\t\t\t<div class=\"elementor-shortcode\"><div class=\"mphb_sc_services-wrapper \"><div class=\"mphb-service post-3296 mphb_room_service type-mphb_room_service status-publish has-post-thumbnail mphb-service-free mphb-service-pay-per-night\">\n\n\t\n\n\t<p class=\"mphb-loop-service-thumbnail\">\n\t<img fetchpriority=\"high\" decoding=\"async\" width=\"370\" height=\"265\" src=\"https:\/\/mali-raj.hr\/wp-content\/uploads\/2020\/02\/page4_pic1-1-1-370x265.jpg\" class=\"attachment-post-thumbnail size-post-thumbnail wp-post-image\" alt=\"\" \/>\n\t<\/p>\n\n\n\n<h2 class=\"mphb-service-title\">\n<a href=\"https:\/\/mali-raj.hr\/de\/services\/parken-im-hotel-mali-raj\/\">Parken im Hotel Mali Raj<\/a>\n<\/h2>\n\n<p>Genie\u00dfen Sie die Annehmlichkeiten eines gro\u00dfz\u00fcgigen Parkplatzes im Hotel Mali Raj. Unser Hotel bietet zahlreiche kostenlose Parkpl\u00e4tze, die ausschlie\u00dflich f\u00fcr unsere G\u00e4ste bestimmt sind, so dass Sie von der Ankunft an keine Probleme haben werden. Bitte beachten Sie, dass Parkpl\u00e4tze nicht reserviert werden k\u00f6nnen. Seien Sie beruhigt, wenn Sie wissen, dass Ihr Fahrzeug sicher geparkt [&hellip;]<\/p>\n\n\n<p class=\"mphb-price-wrapper\"><strong>Preis:<\/strong>\n<span class=\"mphb-price mphb-price-free\">Kostenlos<\/span>\n<\/p>\n<\/div><div class=\"mphb-service post-3297 mphb_room_service type-mphb_room_service status-publish has-post-thumbnail mphb-service-free mphb-service-pay-per-night\">\n\n\t\n\n\t<p class=\"mphb-loop-service-thumbnail\">\n\t<img decoding=\"async\" width=\"370\" height=\"265\" src=\"https:\/\/mali-raj.hr\/wp-content\/uploads\/2020\/02\/page4_pic2-1-1-370x265.jpg\" class=\"attachment-post-thumbnail size-post-thumbnail wp-post-image\" alt=\"\" \/>\n\t<\/p>\n\n\n\n<h2 class=\"mphb-service-title\">\n<a href=\"https:\/\/mali-raj.hr\/de\/services\/zimmerservice-concierge-service\/\">Zimmerservice &amp; Concierge-Service<\/a>\n<\/h2>\n\n<p>Im Hotel Mali Raj sind wir bestrebt, unseren G\u00e4sten durch unser breites Angebot an Dienstleistungen unvergleichlichen Komfort und Bequemlichkeit zu bieten. Zimmerservice: Lassen Sie sich Mahlzeiten und Erfrischungen direkt auf Ihr Zimmer liefern. Unser Zimmerservice sorgt daf\u00fcr, dass Sie k\u00f6stliche Speisen in der Privatsph\u00e4re und dem Komfort Ihrer eigenen R\u00e4umlichkeiten genie\u00dfen k\u00f6nnen. Concierge-Service: Unser engagiertes [&hellip;]<\/p>\n\n\n<p class=\"mphb-price-wrapper\"><strong>Preis:<\/strong>\n<span class=\"mphb-price mphb-price-free\">Kostenlos<\/span>\n<\/p>\n<\/div><div class=\"mphb-service post-3298 mphb_room_service type-mphb_room_service status-publish has-post-thumbnail mphb-service-free mphb-service-pay-per-night\">\n\n\t\n\n\t<p class=\"mphb-loop-service-thumbnail\">\n\t<img decoding=\"async\" width=\"370\" height=\"265\" src=\"https:\/\/mali-raj.hr\/wp-content\/uploads\/2020\/02\/158478779-370x265.jpg\" class=\"attachment-post-thumbnail size-post-thumbnail wp-post-image\" alt=\"\" \/>\n\t<\/p>\n\n\n\n<h2 class=\"mphb-service-title\">\n<a href=\"https:\/\/mali-raj.hr\/de\/services\/innenpool-im-hotel-mali-raj\/\">Innenpool im Hotel Mali Raj<\/a>\n<\/h2>\n\n<p>Tauchen Sie ein in die Entspannung im Innenpool des Hotel Mali Raj. Mit einer Gr\u00f6\u00dfe von 6 x 3 Metern bietet unser Pool einen ruhigen und erfrischenden R\u00fcckzugsort f\u00fcr G\u00e4ste jeden Alters. Ganz gleich, ob Sie ein paar Bahnen schwimmen oder einfach nur am Wasser entspannen m\u00f6chten, unser Innenpool ist der perfekte Ort, um Ihren [&hellip;]<\/p>\n\n\n<p class=\"mphb-price-wrapper\"><strong>Preis:<\/strong>\n<span class=\"mphb-price mphb-price-free\">Kostenlos<\/span>\n<\/p>\n<\/div><\/div>\n\n<\/div>\n\t\t\t\t\t\t<\/div>\n\t\t\t\t<\/div>\n\t\t\t\t\t<\/div>\n\t\t<\/div>\n\t\t\t\t\t<\/div>\n\t\t<\/section>\n\t\t\t\t<\/div>\n\t\t","protected":false},"excerpt":{"rendered":"<p>Jede Villa, die wir Ihnen anbieten, hat ein einzigartiges Design mit au\u00dfergew\u00f6hnlichen und modernen M\u00f6beln, so dass Ihre Erholung voller Entspannung und angenehmer, unvergesslicher Gef\u00fchle ist.  <\/p>\n","protected":false},"author":1,"featured_media":0,"parent":0,"menu_order":0,"comment_status":"closed","ping_status":"closed","template":"page-templates\/fullwidth-content.php","meta":{"footnotes":""},"class_list":["post-3212","page","type-page","status-publish","hentry"],"yoast_head":"<!-- This site is optimized with the Yoast SEO plugin v25.3.1 - https:\/\/yoast.com\/wordpress\/plugins\/seo\/ -->\n<title>Annehmlichkeiten - Boutique Hotel Mali Raj u I\u010di\u0107ima, Opatija - Mali Raj<\/title>\n<meta name=\"robots\" content=\"index, follow, max-snippet:-1, max-image-preview:large, max-video-preview:-1\" \/>\n<link rel=\"canonical\" href=\"https:\/\/mali-raj.hr\/de\/annehmlichkeiten\/\" \/>\n<meta property=\"og:locale\" content=\"de_DE\" \/>\n<meta property=\"og:type\" content=\"article\" \/>\n<meta property=\"og:title\" content=\"Annehmlichkeiten - Boutique Hotel Mali Raj u I\u010di\u0107ima, Opatija - Mali Raj\" \/>\n<meta property=\"og:description\" content=\"Jede Villa, die wir Ihnen anbieten, hat ein einzigartiges Design mit au\u00dfergew\u00f6hnlichen und modernen M\u00f6beln, so dass Ihre Erholung voller Entspannung und angenehmer, unvergesslicher Gef\u00fchle ist.\" \/>\n<meta property=\"og:url\" content=\"https:\/\/mali-raj.hr\/de\/annehmlichkeiten\/\" \/>\n<meta property=\"og:site_name\" content=\"Boutique Hotel Mali Raj u I\u010di\u0107ima, Opatija - Mali Raj\" \/>\n<meta property=\"article:modified_time\" content=\"2024-07-24T14:07:40+00:00\" \/>\n<meta name=\"twitter:card\" content=\"summary_large_image\" \/>\n<script type=\"application\/ld+json\" class=\"yoast-schema-graph\">{\"@context\":\"https:\/\/schema.org\",\"@graph\":[{\"@type\":\"WebPage\",\"@id\":\"https:\/\/mali-raj.hr\/de\/annehmlichkeiten\/\",\"url\":\"https:\/\/mali-raj.hr\/de\/annehmlichkeiten\/\",\"name\":\"Annehmlichkeiten - Boutique Hotel Mali Raj u I\u010di\u0107ima, Opatija - Mali Raj\",\"isPartOf\":{\"@id\":\"https:\/\/mali-raj.hr\/de\/#website\"},\"datePublished\":\"2019-09-17T11:28:45+00:00\",\"dateModified\":\"2024-07-24T14:07:40+00:00\",\"breadcrumb\":{\"@id\":\"https:\/\/mali-raj.hr\/de\/annehmlichkeiten\/#breadcrumb\"},\"inLanguage\":\"de\",\"potentialAction\":[{\"@type\":\"ReadAction\",\"target\":[\"https:\/\/mali-raj.hr\/de\/annehmlichkeiten\/\"]}]},{\"@type\":\"BreadcrumbList\",\"@id\":\"https:\/\/mali-raj.hr\/de\/annehmlichkeiten\/#breadcrumb\",\"itemListElement\":[{\"@type\":\"ListItem\",\"position\":1,\"name\":\"Home\",\"item\":\"https:\/\/mali-raj.hr\/de\/\"},{\"@type\":\"ListItem\",\"position\":2,\"name\":\"Annehmlichkeiten\"}]},{\"@type\":\"WebSite\",\"@id\":\"https:\/\/mali-raj.hr\/de\/#website\",\"url\":\"https:\/\/mali-raj.hr\/de\/\",\"name\":\"Boutique Hotel Mali Raj u I\u010di\u0107ima, Opatija - Mali Raj\",\"description\":\"\",\"publisher\":{\"@id\":\"https:\/\/mali-raj.hr\/de\/#organization\"},\"potentialAction\":[{\"@type\":\"SearchAction\",\"target\":{\"@type\":\"EntryPoint\",\"urlTemplate\":\"https:\/\/mali-raj.hr\/de\/?s={search_term_string}\"},\"query-input\":{\"@type\":\"PropertyValueSpecification\",\"valueRequired\":true,\"valueName\":\"search_term_string\"}}],\"inLanguage\":\"de\"},{\"@type\":\"Organization\",\"@id\":\"https:\/\/mali-raj.hr\/de\/#organization\",\"name\":\"Boutique Hotel Mali Raj u I\u010di\u0107ima, Opatija - Mali Raj\",\"url\":\"https:\/\/mali-raj.hr\/de\/\",\"logo\":{\"@type\":\"ImageObject\",\"inLanguage\":\"de\",\"@id\":\"https:\/\/mali-raj.hr\/de\/#\/schema\/logo\/image\/\",\"url\":\"https:\/\/mali-raj.hr\/wp-content\/uploads\/2020\/02\/cropped-Untitled5-e1724002665698.png\",\"contentUrl\":\"https:\/\/mali-raj.hr\/wp-content\/uploads\/2020\/02\/cropped-Untitled5-e1724002665698.png\",\"width\":138,\"height\":60,\"caption\":\"Boutique Hotel Mali Raj u I\u010di\u0107ima, Opatija - Mali Raj\"},\"image\":{\"@id\":\"https:\/\/mali-raj.hr\/de\/#\/schema\/logo\/image\/\"}}]}<\/script>\n<!-- \/ Yoast SEO plugin. -->","yoast_head_json":{"title":"Annehmlichkeiten - Boutique Hotel Mali Raj u I\u010di\u0107ima, Opatija - Mali Raj","robots":{"index":"index","follow":"follow","max-snippet":"max-snippet:-1","max-image-preview":"max-image-preview:large","max-video-preview":"max-video-preview:-1"},"canonical":"https:\/\/mali-raj.hr\/de\/annehmlichkeiten\/","og_locale":"de_DE","og_type":"article","og_title":"Annehmlichkeiten - Boutique Hotel Mali Raj u I\u010di\u0107ima, Opatija - Mali Raj","og_description":"Jede Villa, die wir Ihnen anbieten, hat ein einzigartiges Design mit au\u00dfergew\u00f6hnlichen und modernen M\u00f6beln, so dass Ihre Erholung voller Entspannung und angenehmer, unvergesslicher Gef\u00fchle ist.","og_url":"https:\/\/mali-raj.hr\/de\/annehmlichkeiten\/","og_site_name":"Boutique Hotel Mali Raj u I\u010di\u0107ima, Opatija - Mali Raj","article_modified_time":"2024-07-24T14:07:40+00:00","twitter_card":"summary_large_image","schema":{"@context":"https:\/\/schema.org","@graph":[{"@type":"WebPage","@id":"https:\/\/mali-raj.hr\/de\/annehmlichkeiten\/","url":"https:\/\/mali-raj.hr\/de\/annehmlichkeiten\/","name":"Annehmlichkeiten - Boutique Hotel Mali Raj u I\u010di\u0107ima, Opatija - Mali Raj","isPartOf":{"@id":"https:\/\/mali-raj.hr\/de\/#website"},"datePublished":"2019-09-17T11:28:45+00:00","dateModified":"2024-07-24T14:07:40+00:00","breadcrumb":{"@id":"https:\/\/mali-raj.hr\/de\/annehmlichkeiten\/#breadcrumb"},"inLanguage":"de","potentialAction":[{"@type":"ReadAction","target":["https:\/\/mali-raj.hr\/de\/annehmlichkeiten\/"]}]},{"@type":"BreadcrumbList","@id":"https:\/\/mali-raj.hr\/de\/annehmlichkeiten\/#breadcrumb","itemListElement":[{"@type":"ListItem","position":1,"name":"Home","item":"https:\/\/mali-raj.hr\/de\/"},{"@type":"ListItem","position":2,"name":"Annehmlichkeiten"}]},{"@type":"WebSite","@id":"https:\/\/mali-raj.hr\/de\/#website","url":"https:\/\/mali-raj.hr\/de\/","name":"Boutique Hotel Mali Raj u I\u010di\u0107ima, Opatija - Mali Raj","description":"","publisher":{"@id":"https:\/\/mali-raj.hr\/de\/#organization"},"potentialAction":[{"@type":"SearchAction","target":{"@type":"EntryPoint","urlTemplate":"https:\/\/mali-raj.hr\/de\/?s={search_term_string}"},"query-input":{"@type":"PropertyValueSpecification","valueRequired":true,"valueName":"search_term_string"}}],"inLanguage":"de"},{"@type":"Organization","@id":"https:\/\/mali-raj.hr\/de\/#organization","name":"Boutique Hotel Mali Raj u I\u010di\u0107ima, Opatija - Mali Raj","url":"https:\/\/mali-raj.hr\/de\/","logo":{"@type":"ImageObject","inLanguage":"de","@id":"https:\/\/mali-raj.hr\/de\/#\/schema\/logo\/image\/","url":"https:\/\/mali-raj.hr\/wp-content\/uploads\/2020\/02\/cropped-Untitled5-e1724002665698.png","contentUrl":"https:\/\/mali-raj.hr\/wp-content\/uploads\/2020\/02\/cropped-Untitled5-e1724002665698.png","width":138,"height":60,"caption":"Boutique Hotel Mali Raj u I\u010di\u0107ima, Opatija - Mali Raj"},"image":{"@id":"https:\/\/mali-raj.hr\/de\/#\/schema\/logo\/image\/"}}]}},"_links":{"self":[{"href":"https:\/\/mali-raj.hr\/de\/wp-json\/wp\/v2\/pages\/3212","targetHints":{"allow":["GET"]}}],"collection":[{"href":"https:\/\/mali-raj.hr\/de\/wp-json\/wp\/v2\/pages"}],"about":[{"href":"https:\/\/mali-raj.hr\/de\/wp-json\/wp\/v2\/types\/page"}],"author":[{"embeddable":true,"href":"https:\/\/mali-raj.hr\/de\/wp-json\/wp\/v2\/users\/1"}],"replies":[{"embeddable":true,"href":"https:\/\/mali-raj.hr\/de\/wp-json\/wp\/v2\/comments?post=3212"}],"version-history":[{"count":0,"href":"https:\/\/mali-raj.hr\/de\/wp-json\/wp\/v2\/pages\/3212\/revisions"}],"wp:attachment":[{"href":"https:\/\/mali-raj.hr\/de\/wp-json\/wp\/v2\/media?parent=3212"}],"curies":[{"name":"wp","href":"https:\/\/api.w.org\/{rel}","templated":true}]}}