{"id":3276,"date":"2020-02-24T13:56:52","date_gmt":"2020-02-24T13:56:52","guid":{"rendered":"https:\/\/ecstatic-sinoussi.194-60-87-163.plesk.page\/kapcsolat\/"},"modified":"2024-07-25T10:39:23","modified_gmt":"2024-07-25T10:39:23","slug":"kapcsolat","status":"publish","type":"page","link":"https:\/\/mali-raj.hr\/hu\/kapcsolat\/","title":{"rendered":"Kapcsolat"},"content":{"rendered":"\t\t<div data-elementor-type=\"wp-page\" data-elementor-id=\"3276\" class=\"elementor elementor-3276 elementor-1370\" data-elementor-post-type=\"page\">\n\t\t\t\t\t\t<section class=\"elementor-section elementor-top-section elementor-element elementor-element-45289df2 elementor-section-boxed elementor-section-height-default elementor-section-height-default\" data-id=\"45289df2\" data-element_type=\"section\" data-settings=\"{&quot;jet_parallax_layout_list&quot;:[{&quot;_id&quot;:&quot;a9633c6&quot;,&quot;jet_parallax_layout_image&quot;:{&quot;url&quot;:&quot;&quot;,&quot;id&quot;:&quot;&quot;,&quot;size&quot;:&quot;&quot;},&quot;jet_parallax_layout_image_tablet&quot;:{&quot;url&quot;:&quot;&quot;,&quot;id&quot;:&quot;&quot;,&quot;size&quot;:&quot;&quot;},&quot;jet_parallax_layout_image_mobile&quot;:{&quot;url&quot;:&quot;&quot;,&quot;id&quot;:&quot;&quot;,&quot;size&quot;:&quot;&quot;},&quot;jet_parallax_layout_speed&quot;:{&quot;unit&quot;:&quot;%&quot;,&quot;size&quot;:50,&quot;sizes&quot;:[]},&quot;jet_parallax_layout_type&quot;:&quot;scroll&quot;,&quot;jet_parallax_layout_direction&quot;:null,&quot;jet_parallax_layout_fx_direction&quot;:null,&quot;jet_parallax_layout_z_index&quot;:&quot;&quot;,&quot;jet_parallax_layout_bg_x&quot;:50,&quot;jet_parallax_layout_bg_x_tablet&quot;:&quot;&quot;,&quot;jet_parallax_layout_bg_x_mobile&quot;:&quot;&quot;,&quot;jet_parallax_layout_bg_y&quot;:50,&quot;jet_parallax_layout_bg_y_tablet&quot;:&quot;&quot;,&quot;jet_parallax_layout_bg_y_mobile&quot;:&quot;&quot;,&quot;jet_parallax_layout_bg_size&quot;:&quot;auto&quot;,&quot;jet_parallax_layout_bg_size_tablet&quot;:&quot;&quot;,&quot;jet_parallax_layout_bg_size_mobile&quot;:&quot;&quot;,&quot;jet_parallax_layout_animation_prop&quot;:&quot;transform&quot;,&quot;jet_parallax_layout_on&quot;:[&quot;desktop&quot;,&quot;tablet&quot;]}]}\">\n\t\t\t\t\t\t<div class=\"elementor-container elementor-column-gap-default\">\n\t\t\t\t\t<div class=\"elementor-column elementor-col-50 elementor-top-column elementor-element elementor-element-bed35d0\" data-id=\"bed35d0\" data-element_type=\"column\">\n\t\t\t<div class=\"elementor-widget-wrap elementor-element-populated\">\n\t\t\t\t\t\t<div class=\"elementor-element elementor-element-fd21cc6 elementor-widget elementor-widget-heading\" data-id=\"fd21cc6\" data-element_type=\"widget\" data-widget_type=\"heading.default\">\n\t\t\t\t<div class=\"elementor-widget-container\">\n\t\t\t\t\t<h1 class=\"elementor-heading-title elementor-size-default\">KAPCSOLAT<\/h1>\t\t\t\t<\/div>\n\t\t\t\t<\/div>\n\t\t\t\t<div class=\"jet-satellite-widget elementor-element elementor-element-23c43fe6 elementor-widget elementor-widget-heading\" data-jet-tricks-settings=\"{&quot;satellite&quot;:&quot;true&quot;,&quot;satelliteType&quot;:&quot;icon&quot;,&quot;satellitePosition&quot;:&quot;middle-left&quot;}\" data-id=\"23c43fe6\" data-element_type=\"widget\" data-widget_type=\"heading.default\">\n\t\t\t\t<div class=\"elementor-widget-container\">\n\t\t\t\t\t<div class=\"jet-tricks-satellite jet-tricks-satellite--middle-left\"><div class=\"jet-tricks-satellite__inner\"><div class=\"jet-tricks-satellite__icon\"><div class=\"jet-tricks-satellite__icon-instance jet-tricks-icon\"><svg aria-hidden=\"true\" class=\"e-font-icon-svg e-fas-plus\" viewBox=\"0 0 448 512\" xmlns=\"http:\/\/www.w3.org\/2000\/svg\"><path d=\"M416 208H272V64c0-17.67-14.33-32-32-32h-32c-17.67 0-32 14.33-32 32v144H32c-17.67 0-32 14.33-32 32v32c0 17.67 14.33 32 32 32h144v144c0 17.67 14.33 32 32 32h32c17.67 0 32-14.33 32-32V304h144c17.67 0 32-14.33 32-32v-32c0-17.67-14.33-32-32-32z\"><\/path><\/svg><\/div><\/div><\/div><\/div><p class=\"elementor-heading-title elementor-size-default\">Horv\u00e1torsz\u00e1g, Opatija<\/p>\t\t\t\t<\/div>\n\t\t\t\t<\/div>\n\t\t\t\t<div class=\"elementor-element elementor-element-229bbe94 elementor-widget elementor-widget-text-editor\" data-id=\"229bbe94\" data-element_type=\"widget\" data-widget_type=\"text-editor.default\">\n\t\t\t\t<div class=\"elementor-widget-container\">\n\t\t\t\t\t\t\t\t\t<p>51410, Mar\u0161ala Tita 191, Mar\u0161ala Tita 191<\/p>\n\t\t\t\t\t\t\t\t<\/div>\n\t\t\t\t<\/div>\n\t\t\t\t<div class=\"jet-satellite-widget elementor-element elementor-element-20b68720 elementor-widget elementor-widget-heading\" data-jet-tricks-settings=\"{&quot;satellite&quot;:&quot;true&quot;,&quot;satelliteType&quot;:&quot;icon&quot;,&quot;satellitePosition&quot;:&quot;middle-left&quot;}\" data-id=\"20b68720\" data-element_type=\"widget\" data-widget_type=\"heading.default\">\n\t\t\t\t<div class=\"elementor-widget-container\">\n\t\t\t\t\t<div class=\"jet-tricks-satellite jet-tricks-satellite--middle-left\"><div class=\"jet-tricks-satellite__inner\"><div class=\"jet-tricks-satellite__icon\"><div class=\"jet-tricks-satellite__icon-instance jet-tricks-icon\"><svg aria-hidden=\"true\" class=\"e-font-icon-svg e-fas-plus\" viewBox=\"0 0 448 512\" xmlns=\"http:\/\/www.w3.org\/2000\/svg\"><path d=\"M416 208H272V64c0-17.67-14.33-32-32-32h-32c-17.67 0-32 14.33-32 32v144H32c-17.67 0-32 14.33-32 32v32c0 17.67 14.33 32 32 32h144v144c0 17.67 14.33 32 32 32h32c17.67 0 32-14.33 32-32V304h144c17.67 0 32-14.33 32-32v-32c0-17.67-14.33-32-32-32z\"><\/path><\/svg><\/div><\/div><\/div><\/div><p class=\"elementor-heading-title elementor-size-default\">FELSZEREL\u00c9SEK<\/p>\t\t\t\t<\/div>\n\t\t\t\t<\/div>\n\t\t\t\t<div class=\"elementor-element elementor-element-2f930361 elementor-widget__width-auto elementor-widget elementor-widget-heading\" data-id=\"2f930361\" data-element_type=\"widget\" data-widget_type=\"heading.default\">\n\t\t\t\t<div class=\"elementor-widget-container\">\n\t\t\t\t\t<div class=\"elementor-heading-title elementor-size-default\">E-mail:<\/div>\t\t\t\t<\/div>\n\t\t\t\t<\/div>\n\t\t\t\t<div class=\"elementor-element elementor-element-1607a883 elementor-widget__width-auto elementor-widget elementor-widget-button\" data-id=\"1607a883\" data-element_type=\"widget\" data-widget_type=\"button.default\">\n\t\t\t\t<div class=\"elementor-widget-container\">\n\t\t\t\t\t\t\t\t\t<div class=\"elementor-button-wrapper\">\n\t\t\t\t\t<a class=\"elementor-button elementor-button-link elementor-size-sm\" href=\"mailto:info@mali-raj.hr\">\n\t\t\t\t\t\t<span class=\"elementor-button-content-wrapper\">\n\t\t\t\t\t\t\t\t\t<span class=\"elementor-button-text\">info@mali-raj.hr<\/span>\n\t\t\t\t\t<\/span>\n\t\t\t\t\t<\/a>\n\t\t\t\t<\/div>\n\t\t\t\t\t\t\t\t<\/div>\n\t\t\t\t<\/div>\n\t\t\t\t<div class=\"elementor-element elementor-element-64361153 elementor-widget elementor-widget-jet-button\" data-id=\"64361153\" data-element_type=\"widget\" data-widget_type=\"jet-button.default\">\n\t\t\t\t<div class=\"elementor-widget-container\">\n\t\t\t\t\t<div class=\"elementor-jet-button jet-elements\"><div class=\"jet-button__container\">\n\t<a class=\"jet-button__instance jet-button__instance--icon-left hover-effect-0\" href=\"tel:+385%2051%20704%20074\">\n\t\t<div class=\"jet-button__plane jet-button__plane-normal\"><\/div>\n\t\t<div class=\"jet-button__plane jet-button__plane-hover\"><\/div>\n\t\t<div class=\"jet-button__state jet-button__state-normal\">\n\t\t\t<span class=\"jet-button__icon jet-elements-icon\"><svg xmlns=\"http:\/\/www.w3.org\/2000\/svg\" width=\"32\" height=\"32\" viewBox=\"0 0 32 32\"><path d=\"M2 17h13v13c0 0.553 0.447 1 1 1s1-0.447 1-1v-13h13c0.553 0 1-0.447 1-1s-0.447-1-1-1h-13v-13c0-0.553-0.447-1-1-1s-1 0.447-1 1v13h-13c-0.553 0-1 0.447-1 1s0.447 1 1 1z\"><\/path><\/svg><\/span><span class=\"jet-button__label\">+385 51 704 074<\/span>\t\t<\/div>\n\t\t<div class=\"jet-button__state jet-button__state-hover\">\n\t\t\t<span class=\"jet-button__icon jet-elements-icon\"><svg xmlns=\"http:\/\/www.w3.org\/2000\/svg\" width=\"32\" height=\"32\" viewBox=\"0 0 32 32\"><path d=\"M2 17h13v13c0 0.553 0.447 1 1 1s1-0.447 1-1v-13h13c0.553 0 1-0.447 1-1s-0.447-1-1-1h-13v-13c0-0.553-0.447-1-1-1s-1 0.447-1 1v13h-13c-0.553 0-1 0.447-1 1s0.447 1 1 1z\"><\/path><\/svg><\/span><span class=\"jet-button__label\">+385 51 704 074<\/span>\t\t<\/div>\n\t<\/a>\n<\/div>\n<\/div>\t\t\t\t<\/div>\n\t\t\t\t<\/div>\n\t\t\t\t\t<\/div>\n\t\t<\/div>\n\t\t\t\t<div class=\"elementor-column elementor-col-50 elementor-top-column elementor-element elementor-element-79790ae3\" data-id=\"79790ae3\" data-element_type=\"column\">\n\t\t\t<div class=\"elementor-widget-wrap elementor-element-populated\">\n\t\t\t\t\t\t<div class=\"elementor-element elementor-element-24379341 elementor-widget elementor-widget-google_maps\" data-id=\"24379341\" data-element_type=\"widget\" data-widget_type=\"google_maps.default\">\n\t\t\t\t<div class=\"elementor-widget-container\">\n\t\t\t\t\t\t\t<div class=\"elementor-custom-embed\">\n\t\t\t<iframe loading=\"lazy\"\n\t\t\t\t\tsrc=\"https:\/\/maps.google.com\/maps?q=Hotel%20Mali%20Raj%20OPatija&#038;t=m&#038;z=13&#038;output=embed&#038;iwloc=near\"\n\t\t\t\t\ttitle=\"Hotel Mali Raj OPatija\"\n\t\t\t\t\taria-label=\"Hotel Mali Raj OPatija\"\n\t\t\t><\/iframe>\n\t\t<\/div>\n\t\t\t\t\t\t<\/div>\n\t\t\t\t<\/div>\n\t\t\t\t\t<\/div>\n\t\t<\/div>\n\t\t\t\t\t<\/div>\n\t\t<\/section>\n\t\t\t\t<section class=\"elementor-section elementor-top-section elementor-element elementor-element-72d490f0 elementor-section-boxed elementor-section-height-default elementor-section-height-default\" data-id=\"72d490f0\" data-element_type=\"section\" data-settings=\"{&quot;jet_parallax_layout_list&quot;:[{&quot;_id&quot;:&quot;460daf8&quot;,&quot;jet_parallax_layout_image&quot;:{&quot;url&quot;:&quot;&quot;,&quot;id&quot;:&quot;&quot;,&quot;size&quot;:&quot;&quot;},&quot;jet_parallax_layout_image_tablet&quot;:{&quot;url&quot;:&quot;&quot;,&quot;id&quot;:&quot;&quot;,&quot;size&quot;:&quot;&quot;},&quot;jet_parallax_layout_image_mobile&quot;:{&quot;url&quot;:&quot;&quot;,&quot;id&quot;:&quot;&quot;,&quot;size&quot;:&quot;&quot;},&quot;jet_parallax_layout_speed&quot;:{&quot;unit&quot;:&quot;%&quot;,&quot;size&quot;:50,&quot;sizes&quot;:[]},&quot;jet_parallax_layout_type&quot;:&quot;scroll&quot;,&quot;jet_parallax_layout_direction&quot;:null,&quot;jet_parallax_layout_fx_direction&quot;:null,&quot;jet_parallax_layout_z_index&quot;:&quot;&quot;,&quot;jet_parallax_layout_bg_x&quot;:50,&quot;jet_parallax_layout_bg_x_tablet&quot;:&quot;&quot;,&quot;jet_parallax_layout_bg_x_mobile&quot;:&quot;&quot;,&quot;jet_parallax_layout_bg_y&quot;:50,&quot;jet_parallax_layout_bg_y_tablet&quot;:&quot;&quot;,&quot;jet_parallax_layout_bg_y_mobile&quot;:&quot;&quot;,&quot;jet_parallax_layout_bg_size&quot;:&quot;auto&quot;,&quot;jet_parallax_layout_bg_size_tablet&quot;:&quot;&quot;,&quot;jet_parallax_layout_bg_size_mobile&quot;:&quot;&quot;,&quot;jet_parallax_layout_animation_prop&quot;:&quot;transform&quot;,&quot;jet_parallax_layout_on&quot;:[&quot;desktop&quot;,&quot;tablet&quot;]}],&quot;background_background&quot;:&quot;classic&quot;}\">\n\t\t\t\t\t\t<div class=\"elementor-container elementor-column-gap-default\">\n\t\t\t\t\t<div class=\"elementor-column elementor-col-100 elementor-top-column elementor-element elementor-element-22fd5fc8\" data-id=\"22fd5fc8\" data-element_type=\"column\">\n\t\t\t<div class=\"elementor-widget-wrap elementor-element-populated\">\n\t\t\t\t\t\t<div class=\"elementor-element elementor-element-3c053ba3 elementor-widget elementor-widget-heading\" data-id=\"3c053ba3\" data-element_type=\"widget\" data-widget_type=\"heading.default\">\n\t\t\t\t<div class=\"elementor-widget-container\">\n\t\t\t\t\t<h2 class=\"elementor-heading-title elementor-size-default\">KAPCSOLATFELV\u00c9TELI \u0170RLAP<\/h2>\t\t\t\t<\/div>\n\t\t\t\t<\/div>\n\t\t\t\t<div class=\"elementor-element elementor-element-228c3f7a elementor-widget elementor-widget-text-editor\" data-id=\"228c3f7a\" data-element_type=\"widget\" data-widget_type=\"text-editor.default\">\n\t\t\t\t<div class=\"elementor-widget-container\">\n\t\t\t\t\t\t\t\t\t<p>Van valami, amit el akarsz mondani nek\u00fcnk?<br \/>\nK\u00e9rj\u00fck, ne habozzon kapcsolatba l\u00e9pni vel\u00fcnk a kapcsolatfelv\u00e9teli \u0171rlapunkon kereszt\u00fcl. <\/p>\n\t\t\t\t\t\t\t\t<\/div>\n\t\t\t\t<\/div>\n\t\t\t\t<div class=\"elementor-element elementor-element-4c5ee477 elementor-widget elementor-widget-contact-form-7\" data-id=\"4c5ee477\" data-element_type=\"widget\" data-widget_type=\"contact-form-7.default\">\n\t\t\t\t<div class=\"elementor-widget-container\">\n\t\t\t\t\t<div class=\"elementor-contact-form-7 jet-elements\">\n<div class=\"wpcf7 no-js\" id=\"wpcf7-f3207-o1\" lang=\"hu-HU\" dir=\"ltr\" data-wpcf7-id=\"3207\">\n<div class=\"screen-reader-response\"><p role=\"status\" aria-live=\"polite\" aria-atomic=\"true\"><\/p> <ul><\/ul><\/div>\n<form action=\"\/hu\/wp-json\/wp\/v2\/pages\/3276#wpcf7-f3207-o1\" method=\"post\" class=\"wpcf7-form init\" aria-label=\"Kapcsolatfelv\u00e9teli \u0171rlap\" novalidate=\"novalidate\" data-status=\"init\">\n<div style=\"display: none;\">\n<input type=\"hidden\" name=\"_wpcf7\" value=\"3207\" \/>\n<input type=\"hidden\" name=\"_wpcf7_version\" value=\"6.0.6\" \/>\n<input type=\"hidden\" name=\"_wpcf7_locale\" value=\"hu_HU\" \/>\n<input type=\"hidden\" name=\"_wpcf7_unit_tag\" value=\"wpcf7-f3207-o1\" \/>\n<input type=\"hidden\" name=\"_wpcf7_container_post\" value=\"0\" \/>\n<input type=\"hidden\" name=\"_wpcf7_posted_data_hash\" value=\"\" \/>\n<\/div>\n<div class=\"row\">\n\t<div class=\"col-md-6 col-sm-6 col-xs-12\">\n\t\t<p>Name<br \/>\n<span class=\"wpcf7-form-control-wrap\" data-name=\"your-name\"><input size=\"40\" maxlength=\"400\" class=\"wpcf7-form-control wpcf7-text wpcf7-validates-as-required\" aria-required=\"true\" aria-invalid=\"false\" placeholder=\"FIRST NAME\" value=\"\" type=\"text\" name=\"your-name\" \/><\/span>\n\t\t<\/p>\n\t<\/div>\n\t<div class=\"col-md-6 col-sm-6 col-xs-12\">\n\t\t<p>Email<br \/>\n<span class=\"wpcf7-form-control-wrap\" data-name=\"your-email\"><input size=\"40\" maxlength=\"400\" class=\"wpcf7-form-control wpcf7-email wpcf7-validates-as-required wpcf7-text wpcf7-validates-as-email\" aria-required=\"true\" aria-invalid=\"false\" placeholder=\"YOUR E-MAIL\" value=\"\" type=\"email\" name=\"your-email\" \/><\/span>\n\t\t<\/p>\n\t<\/div>\n<\/div>\n<div>\n\t<p>Message<br \/>\n<span class=\"wpcf7-form-control-wrap\" data-name=\"your-message\"><textarea cols=\"40\" rows=\"10\" maxlength=\"2000\" class=\"wpcf7-form-control wpcf7-textarea wpcf7-validates-as-required\" aria-required=\"true\" aria-invalid=\"false\" placeholder=\"MESSAGE\" name=\"your-message\"><\/textarea><\/span>\n\t<\/p>\n<\/div>\n<div class=\"elementor-align-center\">\n\t<p><input class=\"wpcf7-form-control wpcf7-submit has-spinner\" type=\"submit\" value=\"send message\" \/>\n\t<\/p>\n<\/div>\n<style>.wpcf7-spinner{\ndisplay:none;}\n<\/style><div class=\"wpcf7-response-output\" aria-hidden=\"true\"><\/div>\n<\/form>\n<\/div>\n<\/div>\t\t\t\t<\/div>\n\t\t\t\t<\/div>\n\t\t\t\t\t<\/div>\n\t\t<\/div>\n\t\t\t\t\t<\/div>\n\t\t<\/section>\n\t\t\t\t<\/div>\n\t\t","protected":false},"excerpt":{"rendered":"<p>KAPCSOLAT Horv\u00e1torsz\u00e1g, Opatija 51410, Mar\u0161ala Tita 191, Mar\u0161ala Tita 191 FELSZEREL\u00c9SEK E-mail: info@mali-raj.hr +385 51 704 074 +385 51 704 074 KAPCSOLATFELV\u00c9TELI \u0170RLAP Van valami, amit el akarsz mondani nek\u00fcnk? K\u00e9rj\u00fck, ne habozzon kapcsolatba l\u00e9pni vel\u00fcnk a kapcsolatfelv\u00e9teli \u0171rlapunkon kereszt\u00fcl. Your name Your email Subject Your message (optional)<\/p>\n","protected":false},"author":1,"featured_media":0,"parent":0,"menu_order":0,"comment_status":"closed","ping_status":"closed","template":"page-templates\/fullwidth-content.php","meta":{"footnotes":""},"class_list":["post-3276","page","type-page","status-publish","hentry"],"yoast_head":"<!-- This site is optimized with the Yoast SEO plugin v25.3.1 - https:\/\/yoast.com\/wordpress\/plugins\/seo\/ -->\n<title>Kapcsolat - Boutique Hotel Mali Raj u I\u010di\u0107ima, Opatija - Mali Raj<\/title>\n<meta name=\"robots\" content=\"index, follow, max-snippet:-1, max-image-preview:large, max-video-preview:-1\" \/>\n<link rel=\"canonical\" href=\"https:\/\/mali-raj.hr\/hu\/kapcsolat\/\" \/>\n<meta property=\"og:locale\" content=\"hu_HU\" \/>\n<meta property=\"og:type\" content=\"article\" \/>\n<meta property=\"og:title\" content=\"Kapcsolat - Boutique Hotel Mali Raj u I\u010di\u0107ima, Opatija - Mali Raj\" \/>\n<meta property=\"og:description\" content=\"KAPCSOLAT Horv\u00e1torsz\u00e1g, Opatija 51410, Mar\u0161ala Tita 191, Mar\u0161ala Tita 191 FELSZEREL\u00c9SEK E-mail: info@mali-raj.hr +385 51 704 074 +385 51 704 074 KAPCSOLATFELV\u00c9TELI \u0170RLAP Van valami, amit el akarsz mondani nek\u00fcnk? K\u00e9rj\u00fck, ne habozzon kapcsolatba l\u00e9pni vel\u00fcnk a kapcsolatfelv\u00e9teli \u0171rlapunkon kereszt\u00fcl. Your name Your email Subject Your message (optional)\" \/>\n<meta property=\"og:url\" content=\"https:\/\/mali-raj.hr\/hu\/kapcsolat\/\" \/>\n<meta property=\"og:site_name\" content=\"Boutique Hotel Mali Raj u I\u010di\u0107ima, Opatija - Mali Raj\" \/>\n<meta property=\"article:modified_time\" content=\"2024-07-25T10:39:23+00:00\" \/>\n<meta name=\"twitter:card\" content=\"summary_large_image\" \/>\n<script type=\"application\/ld+json\" class=\"yoast-schema-graph\">{\"@context\":\"https:\/\/schema.org\",\"@graph\":[{\"@type\":\"WebPage\",\"@id\":\"https:\/\/mali-raj.hr\/hu\/kapcsolat\/\",\"url\":\"https:\/\/mali-raj.hr\/hu\/kapcsolat\/\",\"name\":\"Kapcsolat - Boutique Hotel Mali Raj u I\u010di\u0107ima, Opatija - Mali Raj\",\"isPartOf\":{\"@id\":\"http:\/\/mali-raj.hr\/hu\/#website\"},\"datePublished\":\"2020-02-24T13:56:52+00:00\",\"dateModified\":\"2024-07-25T10:39:23+00:00\",\"breadcrumb\":{\"@id\":\"https:\/\/mali-raj.hr\/hu\/kapcsolat\/#breadcrumb\"},\"inLanguage\":\"hu\",\"potentialAction\":[{\"@type\":\"ReadAction\",\"target\":[\"https:\/\/mali-raj.hr\/hu\/kapcsolat\/\"]}]},{\"@type\":\"BreadcrumbList\",\"@id\":\"https:\/\/mali-raj.hr\/hu\/kapcsolat\/#breadcrumb\",\"itemListElement\":[{\"@type\":\"ListItem\",\"position\":1,\"name\":\"Home\",\"item\":\"http:\/\/mali-raj.hr\/hu\/\"},{\"@type\":\"ListItem\",\"position\":2,\"name\":\"Kapcsolat\"}]},{\"@type\":\"WebSite\",\"@id\":\"http:\/\/mali-raj.hr\/hu\/#website\",\"url\":\"http:\/\/mali-raj.hr\/hu\/\",\"name\":\"Boutique Hotel Mali Raj u I\u010di\u0107ima, Opatija - Mali Raj\",\"description\":\"\",\"publisher\":{\"@id\":\"http:\/\/mali-raj.hr\/hu\/#organization\"},\"potentialAction\":[{\"@type\":\"SearchAction\",\"target\":{\"@type\":\"EntryPoint\",\"urlTemplate\":\"http:\/\/mali-raj.hr\/hu\/?s={search_term_string}\"},\"query-input\":{\"@type\":\"PropertyValueSpecification\",\"valueRequired\":true,\"valueName\":\"search_term_string\"}}],\"inLanguage\":\"hu\"},{\"@type\":\"Organization\",\"@id\":\"http:\/\/mali-raj.hr\/hu\/#organization\",\"name\":\"Boutique Hotel Mali Raj u I\u010di\u0107ima, Opatija - Mali Raj\",\"url\":\"http:\/\/mali-raj.hr\/hu\/\",\"logo\":{\"@type\":\"ImageObject\",\"inLanguage\":\"hu\",\"@id\":\"http:\/\/mali-raj.hr\/hu\/#\/schema\/logo\/image\/\",\"url\":\"https:\/\/mali-raj.hr\/wp-content\/uploads\/2020\/02\/cropped-Untitled5-e1724002665698.png\",\"contentUrl\":\"https:\/\/mali-raj.hr\/wp-content\/uploads\/2020\/02\/cropped-Untitled5-e1724002665698.png\",\"width\":138,\"height\":60,\"caption\":\"Boutique Hotel Mali Raj u I\u010di\u0107ima, Opatija - Mali Raj\"},\"image\":{\"@id\":\"http:\/\/mali-raj.hr\/hu\/#\/schema\/logo\/image\/\"}}]}<\/script>\n<!-- \/ Yoast SEO plugin. -->","yoast_head_json":{"title":"Kapcsolat - Boutique Hotel Mali Raj u I\u010di\u0107ima, Opatija - Mali Raj","robots":{"index":"index","follow":"follow","max-snippet":"max-snippet:-1","max-image-preview":"max-image-preview:large","max-video-preview":"max-video-preview:-1"},"canonical":"https:\/\/mali-raj.hr\/hu\/kapcsolat\/","og_locale":"hu_HU","og_type":"article","og_title":"Kapcsolat - Boutique Hotel Mali Raj u I\u010di\u0107ima, Opatija - Mali Raj","og_description":"KAPCSOLAT Horv\u00e1torsz\u00e1g, Opatija 51410, Mar\u0161ala Tita 191, Mar\u0161ala Tita 191 FELSZEREL\u00c9SEK E-mail: info@mali-raj.hr +385 51 704 074 +385 51 704 074 KAPCSOLATFELV\u00c9TELI \u0170RLAP Van valami, amit el akarsz mondani nek\u00fcnk? K\u00e9rj\u00fck, ne habozzon kapcsolatba l\u00e9pni vel\u00fcnk a kapcsolatfelv\u00e9teli \u0171rlapunkon kereszt\u00fcl. Your name Your email Subject Your message (optional)","og_url":"https:\/\/mali-raj.hr\/hu\/kapcsolat\/","og_site_name":"Boutique Hotel Mali Raj u I\u010di\u0107ima, Opatija - Mali Raj","article_modified_time":"2024-07-25T10:39:23+00:00","twitter_card":"summary_large_image","schema":{"@context":"https:\/\/schema.org","@graph":[{"@type":"WebPage","@id":"https:\/\/mali-raj.hr\/hu\/kapcsolat\/","url":"https:\/\/mali-raj.hr\/hu\/kapcsolat\/","name":"Kapcsolat - Boutique Hotel Mali Raj u I\u010di\u0107ima, Opatija - Mali Raj","isPartOf":{"@id":"http:\/\/mali-raj.hr\/hu\/#website"},"datePublished":"2020-02-24T13:56:52+00:00","dateModified":"2024-07-25T10:39:23+00:00","breadcrumb":{"@id":"https:\/\/mali-raj.hr\/hu\/kapcsolat\/#breadcrumb"},"inLanguage":"hu","potentialAction":[{"@type":"ReadAction","target":["https:\/\/mali-raj.hr\/hu\/kapcsolat\/"]}]},{"@type":"BreadcrumbList","@id":"https:\/\/mali-raj.hr\/hu\/kapcsolat\/#breadcrumb","itemListElement":[{"@type":"ListItem","position":1,"name":"Home","item":"http:\/\/mali-raj.hr\/hu\/"},{"@type":"ListItem","position":2,"name":"Kapcsolat"}]},{"@type":"WebSite","@id":"http:\/\/mali-raj.hr\/hu\/#website","url":"http:\/\/mali-raj.hr\/hu\/","name":"Boutique Hotel Mali Raj u I\u010di\u0107ima, Opatija - Mali Raj","description":"","publisher":{"@id":"http:\/\/mali-raj.hr\/hu\/#organization"},"potentialAction":[{"@type":"SearchAction","target":{"@type":"EntryPoint","urlTemplate":"http:\/\/mali-raj.hr\/hu\/?s={search_term_string}"},"query-input":{"@type":"PropertyValueSpecification","valueRequired":true,"valueName":"search_term_string"}}],"inLanguage":"hu"},{"@type":"Organization","@id":"http:\/\/mali-raj.hr\/hu\/#organization","name":"Boutique Hotel Mali Raj u I\u010di\u0107ima, Opatija - Mali Raj","url":"http:\/\/mali-raj.hr\/hu\/","logo":{"@type":"ImageObject","inLanguage":"hu","@id":"http:\/\/mali-raj.hr\/hu\/#\/schema\/logo\/image\/","url":"https:\/\/mali-raj.hr\/wp-content\/uploads\/2020\/02\/cropped-Untitled5-e1724002665698.png","contentUrl":"https:\/\/mali-raj.hr\/wp-content\/uploads\/2020\/02\/cropped-Untitled5-e1724002665698.png","width":138,"height":60,"caption":"Boutique Hotel Mali Raj u I\u010di\u0107ima, Opatija - Mali Raj"},"image":{"@id":"http:\/\/mali-raj.hr\/hu\/#\/schema\/logo\/image\/"}}]}},"_links":{"self":[{"href":"https:\/\/mali-raj.hr\/hu\/wp-json\/wp\/v2\/pages\/3276","targetHints":{"allow":["GET"]}}],"collection":[{"href":"https:\/\/mali-raj.hr\/hu\/wp-json\/wp\/v2\/pages"}],"about":[{"href":"https:\/\/mali-raj.hr\/hu\/wp-json\/wp\/v2\/types\/page"}],"author":[{"embeddable":true,"href":"https:\/\/mali-raj.hr\/hu\/wp-json\/wp\/v2\/users\/1"}],"replies":[{"embeddable":true,"href":"https:\/\/mali-raj.hr\/hu\/wp-json\/wp\/v2\/comments?post=3276"}],"version-history":[{"count":0,"href":"https:\/\/mali-raj.hr\/hu\/wp-json\/wp\/v2\/pages\/3276\/revisions"}],"wp:attachment":[{"href":"https:\/\/mali-raj.hr\/hu\/wp-json\/wp\/v2\/media?parent=3276"}],"curies":[{"name":"wp","href":"https:\/\/api.w.org\/{rel}","templated":true}]}}